{"id":103,"date":"2023-11-27T23:21:16","date_gmt":"2023-11-27T22:21:16","guid":{"rendered":"https:\/\/norcenter.cl\/?post_type=product&#038;p=103"},"modified":"2023-11-27T23:21:16","modified_gmt":"2023-11-27T22:21:16","slug":"chaqueta-softshell-repelente-3-capas-siberia","status":"publish","type":"product","link":"https:\/\/norcenter.cl\/index.php\/producto\/chaqueta-softshell-repelente-3-capas-siberia\/","title":{"rendered":"Chaqueta softshell repelente 3 capas Siberia"},"content":{"rendered":"<p><b>Chaqueta confeccionada en tela compuesta por 3 capas con membrana TPU con mayor repelencia al agua.<\/b><\/p>\n<p><b>Posee interior de micropolar para mayor termicidad y respirabilidad.<br \/>\nContiene bolsillos laterales y bolsillo en pecho con cierre.<br \/>\nPu\u00f1os ajustables para aumentar el aislamiento t\u00e9rmico.<br \/>\nModelo vers\u00e1til, liviano y confortable, ideal para uso diario y laboral.<\/b><\/p>\n<p><b>COMPOSICI\u00d3N: Softshell 94% Poli\u00e9ster \/ 6% Spandex<br \/>\nCOLORES DISPONIBLES: Negro<\/p>\n<p><\/b><\/p>\n","protected":false},"excerpt":{"rendered":"<p>Chaqueta confeccionada en tela compuesta por 3 capas con membrana TPU con mayor repelencia al agua. Posee interior de micropolar para mayor termicidad y respirabilidad. Contiene bolsillos laterales y bolsillo en pecho con cierre. Pu\u00f1os ajustables para aumentar el aislamiento t\u00e9rmico. Modelo vers\u00e1til, liviano y confortable, ideal para uso diario y laboral. COMPOSICI\u00d3N: Softshell 94% &hellip;<\/p>\n<p class=\"read-more\"> <a class=\"\" href=\"https:\/\/norcenter.cl\/index.php\/producto\/chaqueta-softshell-repelente-3-capas-siberia\/\"> <span class=\"screen-reader-text\">Chaqueta softshell repelente 3 capas Siberia<\/span> Leer m\u00e1s &raquo;<\/a><\/p>\n","protected":false},"featured_media":104,"template":"","meta":{"site-sidebar-layout":"default","site-content-layout":"","ast-site-content-layout":"","site-content-style":"default","site-sidebar-style":"default","ast-global-header-display":"","ast-banner-title-visibility":"","ast-main-header-display":"","ast-hfb-above-header-display":"","ast-hfb-below-header-display":"","ast-hfb-mobile-header-display":"","site-post-title":"","ast-breadcrumbs-content":"","ast-featured-img":"","footer-sml-layout":"","theme-transparent-header-meta":"","adv-header-id-meta":"","stick-header-meta":"","header-above-stick-meta":"","header-main-stick-meta":"","header-below-stick-meta":"","astra-migrate-meta-layouts":"","ast-page-background-enabled":"default","ast-page-background-meta":{"desktop":{"background-color":"var(--ast-global-color-4)","background-image":"","background-repeat":"repeat","background-position":"center center","background-size":"auto","background-attachment":"scroll","background-type":"","background-media":"","overlay-type":"","overlay-color":"","overlay-gradient":""},"tablet":{"background-color":"","background-image":"","background-repeat":"repeat","background-position":"center center","background-size":"auto","background-attachment":"scroll","background-type":"","background-media":"","overlay-type":"","overlay-color":"","overlay-gradient":""},"mobile":{"background-color":"","background-image":"","background-repeat":"repeat","background-position":"center center","background-size":"auto","background-attachment":"scroll","background-type":"","background-media":"","overlay-type":"","overlay-color":"","overlay-gradient":""}},"ast-content-background-meta":{"desktop":{"background-color":"var(--ast-global-color-5)","background-image":"","background-repeat":"repeat","background-position":"center center","background-size":"auto","background-attachment":"scroll","background-type":"","background-media":"","overlay-type":"","overlay-color":"","overlay-gradient":""},"tablet":{"background-color":"var(--ast-global-color-5)","background-image":"","background-repeat":"repeat","background-position":"center center","background-size":"auto","background-attachment":"scroll","background-type":"","background-media":"","overlay-type":"","overlay-color":"","overlay-gradient":""},"mobile":{"background-color":"var(--ast-global-color-5)","background-image":"","background-repeat":"repeat","background-position":"center center","background-size":"auto","background-attachment":"scroll","background-type":"","background-media":"","overlay-type":"","overlay-color":"","overlay-gradient":""}}},"product_cat":[31],"product_tag":[],"class_list":{"0":"post-103","1":"product","2":"type-product","3":"status-publish","4":"has-post-thumbnail","6":"product_cat-chaquetas-parkas-y-polar","7":"desktop-align-left","8":"tablet-align-left","9":"mobile-align-left","11":"first","12":"instock","13":"shipping-taxable","14":"product-type-simple"},"_links":{"self":[{"href":"https:\/\/norcenter.cl\/index.php\/wp-json\/wp\/v2\/product\/103","targetHints":{"allow":["GET"]}}],"collection":[{"href":"https:\/\/norcenter.cl\/index.php\/wp-json\/wp\/v2\/product"}],"about":[{"href":"https:\/\/norcenter.cl\/index.php\/wp-json\/wp\/v2\/types\/product"}],"wp:featuredmedia":[{"embeddable":true,"href":"https:\/\/norcenter.cl\/index.php\/wp-json\/wp\/v2\/media\/104"}],"wp:attachment":[{"href":"https:\/\/norcenter.cl\/index.php\/wp-json\/wp\/v2\/media?parent=103"}],"wp:term":[{"taxonomy":"product_cat","embeddable":true,"href":"https:\/\/norcenter.cl\/index.php\/wp-json\/wp\/v2\/product_cat?post=103"},{"taxonomy":"product_tag","embeddable":true,"href":"https:\/\/norcenter.cl\/index.php\/wp-json\/wp\/v2\/product_tag?post=103"}],"curies":[{"name":"wp","href":"https:\/\/api.w.org\/{rel}","templated":true}]}}