{"id":392,"date":"2023-11-29T02:56:01","date_gmt":"2023-11-29T01:56:01","guid":{"rendered":"https:\/\/norcenter.cl\/?post_type=product&#038;p=392"},"modified":"2023-12-26T23:14:05","modified_gmt":"2023-12-26T22:14:05","slug":"cuante-cabritilla-con-y-sin-forro-resistor","status":"publish","type":"product","link":"https:\/\/norcenter.cl\/index.php\/producto\/cuante-cabritilla-con-y-sin-forro-resistor\/","title":{"rendered":"GUANTE CABRITILLA CON FORRO RESISTOR"},"content":{"rendered":"<p>COMPOSICI\u00d3N: 100% Cuero cabritilla<br \/>\nGROSOR: 0.9 &#8211; 1 mm<br \/>\nCOLOR: Blanco<\/p>\n<p>CARACTERISTICAS:<\/p>\n<ul>\n<li>Mu\u00f1eca elasticada, para un mejor ajuste.<\/li>\n<li>Dedo pulgar sin costura en la uni\u00f3n de la palma de la mano, corte tipo ala tradicional.<\/li>\n<li>Cuero importado con calidad nacional.<\/li>\n<\/ul>\n<p><a href=\"https:\/\/1drv.ms\/b\/s!Ahhzij-sjePAhjqxMp13KBbme8Nj?e=x7cssF\"><strong>FICHA TECNICA<\/strong><\/a><\/p>\n","protected":false},"excerpt":{"rendered":"<p>COMPOSICI\u00d3N: 100% Cuero cabritilla GROSOR: 0.9 &#8211; 1 mm COLOR: Blanco CARACTERISTICAS: Mu\u00f1eca elasticada, para un mejor ajuste. Dedo pulgar sin costura en la uni\u00f3n de la palma de la mano, corte tipo ala tradicional. Cuero importado con calidad nacional. FICHA TECNICA<\/p>\n","protected":false},"featured_media":471,"template":"","meta":{"site-sidebar-layout":"default","site-content-layout":"","ast-site-content-layout":"default","site-content-style":"default","site-sidebar-style":"default","ast-global-header-display":"","ast-banner-title-visibility":"","ast-main-header-display":"","ast-hfb-above-header-display":"","ast-hfb-below-header-display":"","ast-hfb-mobile-header-display":"","site-post-title":"","ast-breadcrumbs-content":"","ast-featured-img":"","footer-sml-layout":"","theme-transparent-header-meta":"default","adv-header-id-meta":"","stick-header-meta":"","header-above-stick-meta":"","header-main-stick-meta":"","header-below-stick-meta":"","astra-migrate-meta-layouts":"set","ast-page-background-enabled":"default","ast-page-background-meta":{"desktop":{"background-color":"var(--ast-global-color-4)","background-image":"","background-repeat":"repeat","background-position":"center center","background-size":"auto","background-attachment":"scroll","background-type":"","background-media":"","overlay-type":"","overlay-color":"","overlay-gradient":""},"tablet":{"background-color":"","background-image":"","background-repeat":"repeat","background-position":"center center","background-size":"auto","background-attachment":"scroll","background-type":"","background-media":"","overlay-type":"","overlay-color":"","overlay-gradient":""},"mobile":{"background-color":"","background-image":"","background-repeat":"repeat","background-position":"center center","background-size":"auto","background-attachment":"scroll","background-type":"","background-media":"","overlay-type":"","overlay-color":"","overlay-gradient":""}},"ast-content-background-meta":{"desktop":{"background-color":"var(--ast-global-color-5)","background-image":"","background-repeat":"repeat","background-position":"center center","background-size":"auto","background-attachment":"scroll","background-type":"","background-media":"","overlay-type":"","overlay-color":"","overlay-gradient":""},"tablet":{"background-color":"var(--ast-global-color-5)","background-image":"","background-repeat":"repeat","background-position":"center center","background-size":"auto","background-attachment":"scroll","background-type":"","background-media":"","overlay-type":"","overlay-color":"","overlay-gradient":""},"mobile":{"background-color":"var(--ast-global-color-5)","background-image":"","background-repeat":"repeat","background-position":"center center","background-size":"auto","background-attachment":"scroll","background-type":"","background-media":"","overlay-type":"","overlay-color":"","overlay-gradient":""}}},"product_cat":[22],"product_tag":[],"class_list":{"0":"post-392","1":"product","2":"type-product","3":"status-publish","4":"has-post-thumbnail","6":"product_cat-guantes","7":"desktop-align-left","8":"tablet-align-left","9":"mobile-align-left","11":"first","12":"instock","13":"shipping-taxable","14":"product-type-simple"},"_links":{"self":[{"href":"https:\/\/norcenter.cl\/index.php\/wp-json\/wp\/v2\/product\/392","targetHints":{"allow":["GET"]}}],"collection":[{"href":"https:\/\/norcenter.cl\/index.php\/wp-json\/wp\/v2\/product"}],"about":[{"href":"https:\/\/norcenter.cl\/index.php\/wp-json\/wp\/v2\/types\/product"}],"wp:featuredmedia":[{"embeddable":true,"href":"https:\/\/norcenter.cl\/index.php\/wp-json\/wp\/v2\/media\/471"}],"wp:attachment":[{"href":"https:\/\/norcenter.cl\/index.php\/wp-json\/wp\/v2\/media?parent=392"}],"wp:term":[{"taxonomy":"product_cat","embeddable":true,"href":"https:\/\/norcenter.cl\/index.php\/wp-json\/wp\/v2\/product_cat?post=392"},{"taxonomy":"product_tag","embeddable":true,"href":"https:\/\/norcenter.cl\/index.php\/wp-json\/wp\/v2\/product_tag?post=392"}],"curies":[{"name":"wp","href":"https:\/\/api.w.org\/{rel}","templated":true}]}}