{"id":396,"date":"2023-11-29T02:58:31","date_gmt":"2023-11-29T01:58:31","guid":{"rendered":"https:\/\/norcenter.cl\/?post_type=product&#038;p=396"},"modified":"2023-12-26T23:05:42","modified_gmt":"2023-12-26T22:05:42","slug":"guante-nitrilo-flocado-resistor","status":"publish","type":"product","link":"https:\/\/norcenter.cl\/index.php\/producto\/guante-nitrilo-flocado-resistor\/","title":{"rendered":"GUANTE NITRILO FLOCADO RESISTOR"},"content":{"rendered":"<p><b><br \/>\n<\/b>COMPOSICI\u00d3N: 100% Nitrilo<br \/>\nCOLOR: Verde<\/p>\n<p>CARACTERISTICAS:<\/p>\n<ul>\n<li>Palma con acabado texturizado para un excelente agarre, en superficies h\u00famedas o aceitosas.<\/li>\n<li>Protecci\u00f3n contra bacterias y hongos.<\/li>\n<li>Impermeable.<\/li>\n<li>Producto certificado.<\/li>\n<\/ul>\n<p><a href=\"https:\/\/1drv.ms\/b\/s!Ahhzij-sjePAhkFwfZVq5_gZLQSU?e=h7nGyJ\"><strong>FICHA TECNICA<\/strong><\/a><\/p>\n","protected":false},"excerpt":{"rendered":"<p>COMPOSICI\u00d3N: 100% Nitrilo COLOR: Verde CARACTERISTICAS: Palma con acabado texturizado para un excelente agarre, en superficies h\u00famedas o aceitosas. Protecci\u00f3n contra bacterias y hongos. Impermeable. Producto certificado. FICHA TECNICA<\/p>\n","protected":false},"featured_media":467,"template":"","meta":{"site-sidebar-layout":"default","site-content-layout":"","ast-site-content-layout":"default","site-content-style":"default","site-sidebar-style":"default","ast-global-header-display":"","ast-banner-title-visibility":"","ast-main-header-display":"","ast-hfb-above-header-display":"","ast-hfb-below-header-display":"","ast-hfb-mobile-header-display":"","site-post-title":"","ast-breadcrumbs-content":"","ast-featured-img":"","footer-sml-layout":"","theme-transparent-header-meta":"default","adv-header-id-meta":"","stick-header-meta":"","header-above-stick-meta":"","header-main-stick-meta":"","header-below-stick-meta":"","astra-migrate-meta-layouts":"set","ast-page-background-enabled":"default","ast-page-background-meta":{"desktop":{"background-color":"var(--ast-global-color-4)","background-image":"","background-repeat":"repeat","background-position":"center center","background-size":"auto","background-attachment":"scroll","background-type":"","background-media":"","overlay-type":"","overlay-color":"","overlay-gradient":""},"tablet":{"background-color":"","background-image":"","background-repeat":"repeat","background-position":"center center","background-size":"auto","background-attachment":"scroll","background-type":"","background-media":"","overlay-type":"","overlay-color":"","overlay-gradient":""},"mobile":{"background-color":"","background-image":"","background-repeat":"repeat","background-position":"center center","background-size":"auto","background-attachment":"scroll","background-type":"","background-media":"","overlay-type":"","overlay-color":"","overlay-gradient":""}},"ast-content-background-meta":{"desktop":{"background-color":"var(--ast-global-color-5)","background-image":"","background-repeat":"repeat","background-position":"center center","background-size":"auto","background-attachment":"scroll","background-type":"","background-media":"","overlay-type":"","overlay-color":"","overlay-gradient":""},"tablet":{"background-color":"var(--ast-global-color-5)","background-image":"","background-repeat":"repeat","background-position":"center center","background-size":"auto","background-attachment":"scroll","background-type":"","background-media":"","overlay-type":"","overlay-color":"","overlay-gradient":""},"mobile":{"background-color":"var(--ast-global-color-5)","background-image":"","background-repeat":"repeat","background-position":"center center","background-size":"auto","background-attachment":"scroll","background-type":"","background-media":"","overlay-type":"","overlay-color":"","overlay-gradient":""}}},"product_cat":[22],"product_tag":[],"class_list":{"0":"post-396","1":"product","2":"type-product","3":"status-publish","4":"has-post-thumbnail","6":"product_cat-guantes","7":"desktop-align-left","8":"tablet-align-left","9":"mobile-align-left","11":"first","12":"instock","13":"shipping-taxable","14":"product-type-simple"},"_links":{"self":[{"href":"https:\/\/norcenter.cl\/index.php\/wp-json\/wp\/v2\/product\/396","targetHints":{"allow":["GET"]}}],"collection":[{"href":"https:\/\/norcenter.cl\/index.php\/wp-json\/wp\/v2\/product"}],"about":[{"href":"https:\/\/norcenter.cl\/index.php\/wp-json\/wp\/v2\/types\/product"}],"wp:featuredmedia":[{"embeddable":true,"href":"https:\/\/norcenter.cl\/index.php\/wp-json\/wp\/v2\/media\/467"}],"wp:attachment":[{"href":"https:\/\/norcenter.cl\/index.php\/wp-json\/wp\/v2\/media?parent=396"}],"wp:term":[{"taxonomy":"product_cat","embeddable":true,"href":"https:\/\/norcenter.cl\/index.php\/wp-json\/wp\/v2\/product_cat?post=396"},{"taxonomy":"product_tag","embeddable":true,"href":"https:\/\/norcenter.cl\/index.php\/wp-json\/wp\/v2\/product_tag?post=396"}],"curies":[{"name":"wp","href":"https:\/\/api.w.org\/{rel}","templated":true}]}}