{"id":410,"date":"2023-11-29T03:05:20","date_gmt":"2023-11-29T02:05:20","guid":{"rendered":"https:\/\/norcenter.cl\/?post_type=product&#038;p=410"},"modified":"2023-12-26T22:50:29","modified_gmt":"2023-12-26T21:50:29","slug":"guante-impacto-resistor","status":"publish","type":"product","link":"https:\/\/norcenter.cl\/index.php\/producto\/guante-impacto-resistor\/","title":{"rendered":"GUANTE ANTICORTE CUTP 550"},"content":{"rendered":"<p>&#8211; Palma de nitrilo con terminaci\u00f3n arenosa, para un mejor agarre.<\/p>\n<p>&#8211; Dorso con protecci\u00f3n contra impactos TPR, esta aplicaci\u00f3n dispersa el impacto y la abrasi\u00f3n, poseen ranuras que facilitan la movilidad de los dedos.<\/p>\n<p>&#8211; Pulgar cuenta con refuerzo para proteger el \u00e1rea m\u00e1s vulnerable.<\/p>\n<p>&#8211; Certificado.<\/p>\n<p><a href=\"https:\/\/1drv.ms\/b\/s!Ahhzij-sjePAhjkeRc9xj8BYBmz5?e=eB6j3R\"><strong>FICHA TECNICA<\/strong><\/a><\/p>\n","protected":false},"excerpt":{"rendered":"<p>&#8211; Palma de nitrilo con terminaci\u00f3n arenosa, para un mejor agarre. &#8211; Dorso con protecci\u00f3n contra impactos TPR, esta aplicaci\u00f3n dispersa el impacto y la abrasi\u00f3n, poseen ranuras que facilitan la movilidad de los dedos. &#8211; Pulgar cuenta con refuerzo para proteger el \u00e1rea m\u00e1s vulnerable. &#8211; Certificado. FICHA TECNICA<\/p>\n","protected":false},"featured_media":462,"template":"","meta":{"site-sidebar-layout":"default","site-content-layout":"","ast-site-content-layout":"default","site-content-style":"default","site-sidebar-style":"default","ast-global-header-display":"","ast-banner-title-visibility":"","ast-main-header-display":"","ast-hfb-above-header-display":"","ast-hfb-below-header-display":"","ast-hfb-mobile-header-display":"","site-post-title":"","ast-breadcrumbs-content":"","ast-featured-img":"","footer-sml-layout":"","theme-transparent-header-meta":"default","adv-header-id-meta":"","stick-header-meta":"","header-above-stick-meta":"","header-main-stick-meta":"","header-below-stick-meta":"","astra-migrate-meta-layouts":"set","ast-page-background-enabled":"default","ast-page-background-meta":{"desktop":{"background-color":"var(--ast-global-color-4)","background-image":"","background-repeat":"repeat","background-position":"center center","background-size":"auto","background-attachment":"scroll","background-type":"","background-media":"","overlay-type":"","overlay-color":"","overlay-gradient":""},"tablet":{"background-color":"","background-image":"","background-repeat":"repeat","background-position":"center center","background-size":"auto","background-attachment":"scroll","background-type":"","background-media":"","overlay-type":"","overlay-color":"","overlay-gradient":""},"mobile":{"background-color":"","background-image":"","background-repeat":"repeat","background-position":"center center","background-size":"auto","background-attachment":"scroll","background-type":"","background-media":"","overlay-type":"","overlay-color":"","overlay-gradient":""}},"ast-content-background-meta":{"desktop":{"background-color":"var(--ast-global-color-5)","background-image":"","background-repeat":"repeat","background-position":"center center","background-size":"auto","background-attachment":"scroll","background-type":"","background-media":"","overlay-type":"","overlay-color":"","overlay-gradient":""},"tablet":{"background-color":"var(--ast-global-color-5)","background-image":"","background-repeat":"repeat","background-position":"center center","background-size":"auto","background-attachment":"scroll","background-type":"","background-media":"","overlay-type":"","overlay-color":"","overlay-gradient":""},"mobile":{"background-color":"var(--ast-global-color-5)","background-image":"","background-repeat":"repeat","background-position":"center center","background-size":"auto","background-attachment":"scroll","background-type":"","background-media":"","overlay-type":"","overlay-color":"","overlay-gradient":""}}},"product_cat":[22],"product_tag":[],"class_list":{"0":"post-410","1":"product","2":"type-product","3":"status-publish","4":"has-post-thumbnail","6":"product_cat-guantes","7":"desktop-align-left","8":"tablet-align-left","9":"mobile-align-left","11":"first","12":"instock","13":"shipping-taxable","14":"product-type-simple"},"_links":{"self":[{"href":"https:\/\/norcenter.cl\/index.php\/wp-json\/wp\/v2\/product\/410","targetHints":{"allow":["GET"]}}],"collection":[{"href":"https:\/\/norcenter.cl\/index.php\/wp-json\/wp\/v2\/product"}],"about":[{"href":"https:\/\/norcenter.cl\/index.php\/wp-json\/wp\/v2\/types\/product"}],"wp:featuredmedia":[{"embeddable":true,"href":"https:\/\/norcenter.cl\/index.php\/wp-json\/wp\/v2\/media\/462"}],"wp:attachment":[{"href":"https:\/\/norcenter.cl\/index.php\/wp-json\/wp\/v2\/media?parent=410"}],"wp:term":[{"taxonomy":"product_cat","embeddable":true,"href":"https:\/\/norcenter.cl\/index.php\/wp-json\/wp\/v2\/product_cat?post=410"},{"taxonomy":"product_tag","embeddable":true,"href":"https:\/\/norcenter.cl\/index.php\/wp-json\/wp\/v2\/product_tag?post=410"}],"curies":[{"name":"wp","href":"https:\/\/api.w.org\/{rel}","templated":true}]}}