{"id":419,"date":"2023-11-30T02:00:23","date_gmt":"2023-11-30T01:00:23","guid":{"rendered":"https:\/\/norcenter.cl\/?post_type=product&#038;p=419"},"modified":"2023-11-30T02:00:23","modified_gmt":"2023-11-30T01:00:23","slug":"protector-labial-suntime","status":"publish","type":"product","link":"https:\/\/norcenter.cl\/index.php\/producto\/protector-labial-suntime\/","title":{"rendered":"PROTECTOR LABIAL SUNTIME"},"content":{"rendered":"<ul>\n<li>Producto hipoalerg\u00e9nico<\/li>\n<li>Factor de protecci\u00f3n solar (FPS) de 50+, lo que implica que la piel protegida resiste estar al sol (sin presentar eritema) 50 veces m\u00e1s que la piel sin proteger.<\/li>\n<li>Protege de la radiaci\u00f3n UVA gracias al uso de filtros de amplio espectro.<\/li>\n<\/ul>\n","protected":false},"excerpt":{"rendered":"<p>Producto hipoalerg\u00e9nico Factor de protecci\u00f3n solar (FPS) de 50+, lo que implica que la piel protegida resiste estar al sol (sin presentar eritema) 50 veces m\u00e1s que la piel sin proteger. Protege de la radiaci\u00f3n UVA gracias al uso de filtros de amplio espectro.<\/p>\n","protected":false},"featured_media":420,"template":"","meta":{"site-sidebar-layout":"default","site-content-layout":"","ast-site-content-layout":"default","site-content-style":"default","site-sidebar-style":"default","ast-global-header-display":"","ast-banner-title-visibility":"","ast-main-header-display":"","ast-hfb-above-header-display":"","ast-hfb-below-header-display":"","ast-hfb-mobile-header-display":"","site-post-title":"","ast-breadcrumbs-content":"","ast-featured-img":"","footer-sml-layout":"","theme-transparent-header-meta":"default","adv-header-id-meta":"","stick-header-meta":"","header-above-stick-meta":"","header-main-stick-meta":"","header-below-stick-meta":"","astra-migrate-meta-layouts":"set","ast-page-background-enabled":"default","ast-page-background-meta":{"desktop":{"background-color":"var(--ast-global-color-4)","background-image":"","background-repeat":"repeat","background-position":"center center","background-size":"auto","background-attachment":"scroll","background-type":"","background-media":"","overlay-type":"","overlay-color":"","overlay-gradient":""},"tablet":{"background-color":"","background-image":"","background-repeat":"repeat","background-position":"center center","background-size":"auto","background-attachment":"scroll","background-type":"","background-media":"","overlay-type":"","overlay-color":"","overlay-gradient":""},"mobile":{"background-color":"","background-image":"","background-repeat":"repeat","background-position":"center center","background-size":"auto","background-attachment":"scroll","background-type":"","background-media":"","overlay-type":"","overlay-color":"","overlay-gradient":""}},"ast-content-background-meta":{"desktop":{"background-color":"var(--ast-global-color-5)","background-image":"","background-repeat":"repeat","background-position":"center center","background-size":"auto","background-attachment":"scroll","background-type":"","background-media":"","overlay-type":"","overlay-color":"","overlay-gradient":""},"tablet":{"background-color":"var(--ast-global-color-5)","background-image":"","background-repeat":"repeat","background-position":"center center","background-size":"auto","background-attachment":"scroll","background-type":"","background-media":"","overlay-type":"","overlay-color":"","overlay-gradient":""},"mobile":{"background-color":"var(--ast-global-color-5)","background-image":"","background-repeat":"repeat","background-position":"center center","background-size":"auto","background-attachment":"scroll","background-type":"","background-media":"","overlay-type":"","overlay-color":"","overlay-gradient":""}}},"product_cat":[27],"product_tag":[],"class_list":{"0":"post-419","1":"product","2":"type-product","3":"status-publish","4":"has-post-thumbnail","6":"product_cat-proteccion-solar","7":"desktop-align-left","8":"tablet-align-left","9":"mobile-align-left","11":"first","12":"instock","13":"shipping-taxable","14":"product-type-simple"},"_links":{"self":[{"href":"https:\/\/norcenter.cl\/index.php\/wp-json\/wp\/v2\/product\/419","targetHints":{"allow":["GET"]}}],"collection":[{"href":"https:\/\/norcenter.cl\/index.php\/wp-json\/wp\/v2\/product"}],"about":[{"href":"https:\/\/norcenter.cl\/index.php\/wp-json\/wp\/v2\/types\/product"}],"wp:featuredmedia":[{"embeddable":true,"href":"https:\/\/norcenter.cl\/index.php\/wp-json\/wp\/v2\/media\/420"}],"wp:attachment":[{"href":"https:\/\/norcenter.cl\/index.php\/wp-json\/wp\/v2\/media?parent=419"}],"wp:term":[{"taxonomy":"product_cat","embeddable":true,"href":"https:\/\/norcenter.cl\/index.php\/wp-json\/wp\/v2\/product_cat?post=419"},{"taxonomy":"product_tag","embeddable":true,"href":"https:\/\/norcenter.cl\/index.php\/wp-json\/wp\/v2\/product_tag?post=419"}],"curies":[{"name":"wp","href":"https:\/\/api.w.org\/{rel}","templated":true}]}}