{"id":424,"date":"2023-11-30T02:10:43","date_gmt":"2023-11-30T01:10:43","guid":{"rendered":"https:\/\/norcenter.cl\/?post_type=product&#038;p=424"},"modified":"2023-11-30T02:10:43","modified_gmt":"2023-11-30T01:10:43","slug":"cubrenuca-tormenta-marca-kumen","status":"publish","type":"product","link":"https:\/\/norcenter.cl\/index.php\/producto\/cubrenuca-tormenta-marca-kumen\/","title":{"rendered":"CUBRENUCA TORMENTA MARCA KUMEN"},"content":{"rendered":"<p>COMPOSICI\u00d3N: Poplin<br \/>\nGRAMAJE: 110 gsm<br \/>\nCOLOR: Naranjo<\/p>\n<p>CARACTERISTICAS:<\/p>\n<ul>\n<li>Cubrenuca con protecci\u00f3n respiratoria puede ser utilizado con cualquier tipo de cascos.<\/li>\n<li>Posee dos velcros, uno en la zona del cuello y otro para sujetar la tela que protege el rostro.<\/li>\n<li>Protege contra la exposici\u00f3n directa a la radiaci\u00f3n solar. Este es un complemento de protecci\u00f3n adicional al bloqueador solar.<\/li>\n<\/ul>\n","protected":false},"excerpt":{"rendered":"<p>COMPOSICI\u00d3N: Poplin GRAMAJE: 110 gsm COLOR: Naranjo CARACTERISTICAS: Cubrenuca con protecci\u00f3n respiratoria puede ser utilizado con cualquier tipo de cascos. Posee dos velcros, uno en la zona del cuello y otro para sujetar la tela que protege el rostro. Protege contra la exposici\u00f3n directa a la radiaci\u00f3n solar. Este es un complemento de protecci\u00f3n adicional &hellip;<\/p>\n<p class=\"read-more\"> <a class=\"\" href=\"https:\/\/norcenter.cl\/index.php\/producto\/cubrenuca-tormenta-marca-kumen\/\"> <span class=\"screen-reader-text\">CUBRENUCA TORMENTA MARCA KUMEN<\/span> Leer m\u00e1s &raquo;<\/a><\/p>\n","protected":false},"featured_media":425,"template":"","meta":{"site-sidebar-layout":"default","site-content-layout":"","ast-site-content-layout":"default","site-content-style":"default","site-sidebar-style":"default","ast-global-header-display":"","ast-banner-title-visibility":"","ast-main-header-display":"","ast-hfb-above-header-display":"","ast-hfb-below-header-display":"","ast-hfb-mobile-header-display":"","site-post-title":"","ast-breadcrumbs-content":"","ast-featured-img":"","footer-sml-layout":"","theme-transparent-header-meta":"default","adv-header-id-meta":"","stick-header-meta":"","header-above-stick-meta":"","header-main-stick-meta":"","header-below-stick-meta":"","astra-migrate-meta-layouts":"set","ast-page-background-enabled":"default","ast-page-background-meta":{"desktop":{"background-color":"var(--ast-global-color-4)","background-image":"","background-repeat":"repeat","background-position":"center center","background-size":"auto","background-attachment":"scroll","background-type":"","background-media":"","overlay-type":"","overlay-color":"","overlay-gradient":""},"tablet":{"background-color":"","background-image":"","background-repeat":"repeat","background-position":"center center","background-size":"auto","background-attachment":"scroll","background-type":"","background-media":"","overlay-type":"","overlay-color":"","overlay-gradient":""},"mobile":{"background-color":"","background-image":"","background-repeat":"repeat","background-position":"center center","background-size":"auto","background-attachment":"scroll","background-type":"","background-media":"","overlay-type":"","overlay-color":"","overlay-gradient":""}},"ast-content-background-meta":{"desktop":{"background-color":"var(--ast-global-color-5)","background-image":"","background-repeat":"repeat","background-position":"center center","background-size":"auto","background-attachment":"scroll","background-type":"","background-media":"","overlay-type":"","overlay-color":"","overlay-gradient":""},"tablet":{"background-color":"var(--ast-global-color-5)","background-image":"","background-repeat":"repeat","background-position":"center center","background-size":"auto","background-attachment":"scroll","background-type":"","background-media":"","overlay-type":"","overlay-color":"","overlay-gradient":""},"mobile":{"background-color":"var(--ast-global-color-5)","background-image":"","background-repeat":"repeat","background-position":"center center","background-size":"auto","background-attachment":"scroll","background-type":"","background-media":"","overlay-type":"","overlay-color":"","overlay-gradient":""}}},"product_cat":[19,27],"product_tag":[],"class_list":{"0":"post-424","1":"product","2":"type-product","3":"status-publish","4":"has-post-thumbnail","6":"product_cat-elementos-de-proteccion-personal","7":"product_cat-proteccion-solar","8":"desktop-align-left","9":"tablet-align-left","10":"mobile-align-left","12":"first","13":"instock","14":"shipping-taxable","15":"product-type-simple"},"_links":{"self":[{"href":"https:\/\/norcenter.cl\/index.php\/wp-json\/wp\/v2\/product\/424","targetHints":{"allow":["GET"]}}],"collection":[{"href":"https:\/\/norcenter.cl\/index.php\/wp-json\/wp\/v2\/product"}],"about":[{"href":"https:\/\/norcenter.cl\/index.php\/wp-json\/wp\/v2\/types\/product"}],"wp:featuredmedia":[{"embeddable":true,"href":"https:\/\/norcenter.cl\/index.php\/wp-json\/wp\/v2\/media\/425"}],"wp:attachment":[{"href":"https:\/\/norcenter.cl\/index.php\/wp-json\/wp\/v2\/media?parent=424"}],"wp:term":[{"taxonomy":"product_cat","embeddable":true,"href":"https:\/\/norcenter.cl\/index.php\/wp-json\/wp\/v2\/product_cat?post=424"},{"taxonomy":"product_tag","embeddable":true,"href":"https:\/\/norcenter.cl\/index.php\/wp-json\/wp\/v2\/product_tag?post=424"}],"curies":[{"name":"wp","href":"https:\/\/api.w.org\/{rel}","templated":true}]}}