{"id":450,"date":"2023-11-30T03:10:02","date_gmt":"2023-11-30T02:10:02","guid":{"rendered":"https:\/\/norcenter.cl\/?post_type=product&#038;p=450"},"modified":"2023-11-30T03:10:02","modified_gmt":"2023-11-30T02:10:02","slug":"gorro-termico-windblock-siberia","status":"publish","type":"product","link":"https:\/\/norcenter.cl\/index.php\/producto\/gorro-termico-windblock-siberia\/","title":{"rendered":"GORRO T\u00c9RMICO WINDBLOCK &#8211; SIBERIA"},"content":{"rendered":"<p>Tela est\u00e1 compuesta por 3 capas, la exterior e interior son t\u00e9rmicas de micropolar y la central es una membrana impermeable e impide la circulaci\u00f3n del viento.<\/p>\n<p>Posee malla interna para una mejor ventilaci\u00f3n y evacuaci\u00f3n de humedad. Calce ergon\u00f3mico y elasticado que mantiene las orejas protegidas del fr\u00edo y viento.<\/p>\n<p>Posee costuras planas para minimizar el riesgo de irritaci\u00f3n de la piel por el roce.<\/p>\n","protected":false},"excerpt":{"rendered":"<p>Tela est\u00e1 compuesta por 3 capas, la exterior e interior son t\u00e9rmicas de micropolar y la central es una membrana impermeable e impide la circulaci\u00f3n del viento. Posee malla interna para una mejor ventilaci\u00f3n y evacuaci\u00f3n de humedad. Calce ergon\u00f3mico y elasticado que mantiene las orejas protegidas del fr\u00edo y viento. Posee costuras planas para &hellip;<\/p>\n<p class=\"read-more\"> <a class=\"\" href=\"https:\/\/norcenter.cl\/index.php\/producto\/gorro-termico-windblock-siberia\/\"> <span class=\"screen-reader-text\">GORRO T\u00c9RMICO WINDBLOCK &#8211; SIBERIA<\/span> Leer m\u00e1s &raquo;<\/a><\/p>\n","protected":false},"featured_media":451,"template":"","meta":{"site-sidebar-layout":"default","site-content-layout":"","ast-site-content-layout":"default","site-content-style":"default","site-sidebar-style":"default","ast-global-header-display":"","ast-banner-title-visibility":"","ast-main-header-display":"","ast-hfb-above-header-display":"","ast-hfb-below-header-display":"","ast-hfb-mobile-header-display":"","site-post-title":"","ast-breadcrumbs-content":"","ast-featured-img":"","footer-sml-layout":"","theme-transparent-header-meta":"default","adv-header-id-meta":"","stick-header-meta":"","header-above-stick-meta":"","header-main-stick-meta":"","header-below-stick-meta":"","astra-migrate-meta-layouts":"set","ast-page-background-enabled":"default","ast-page-background-meta":{"desktop":{"background-color":"var(--ast-global-color-4)","background-image":"","background-repeat":"repeat","background-position":"center center","background-size":"auto","background-attachment":"scroll","background-type":"","background-media":"","overlay-type":"","overlay-color":"","overlay-gradient":""},"tablet":{"background-color":"","background-image":"","background-repeat":"repeat","background-position":"center center","background-size":"auto","background-attachment":"scroll","background-type":"","background-media":"","overlay-type":"","overlay-color":"","overlay-gradient":""},"mobile":{"background-color":"","background-image":"","background-repeat":"repeat","background-position":"center center","background-size":"auto","background-attachment":"scroll","background-type":"","background-media":"","overlay-type":"","overlay-color":"","overlay-gradient":""}},"ast-content-background-meta":{"desktop":{"background-color":"var(--ast-global-color-5)","background-image":"","background-repeat":"repeat","background-position":"center center","background-size":"auto","background-attachment":"scroll","background-type":"","background-media":"","overlay-type":"","overlay-color":"","overlay-gradient":""},"tablet":{"background-color":"var(--ast-global-color-5)","background-image":"","background-repeat":"repeat","background-position":"center center","background-size":"auto","background-attachment":"scroll","background-type":"","background-media":"","overlay-type":"","overlay-color":"","overlay-gradient":""},"mobile":{"background-color":"var(--ast-global-color-5)","background-image":"","background-repeat":"repeat","background-position":"center center","background-size":"auto","background-attachment":"scroll","background-type":"","background-media":"","overlay-type":"","overlay-color":"","overlay-gradient":""}}},"product_cat":[19],"product_tag":[],"class_list":{"0":"post-450","1":"product","2":"type-product","3":"status-publish","4":"has-post-thumbnail","6":"product_cat-elementos-de-proteccion-personal","7":"desktop-align-left","8":"tablet-align-left","9":"mobile-align-left","11":"first","12":"instock","13":"shipping-taxable","14":"product-type-simple"},"_links":{"self":[{"href":"https:\/\/norcenter.cl\/index.php\/wp-json\/wp\/v2\/product\/450","targetHints":{"allow":["GET"]}}],"collection":[{"href":"https:\/\/norcenter.cl\/index.php\/wp-json\/wp\/v2\/product"}],"about":[{"href":"https:\/\/norcenter.cl\/index.php\/wp-json\/wp\/v2\/types\/product"}],"wp:featuredmedia":[{"embeddable":true,"href":"https:\/\/norcenter.cl\/index.php\/wp-json\/wp\/v2\/media\/451"}],"wp:attachment":[{"href":"https:\/\/norcenter.cl\/index.php\/wp-json\/wp\/v2\/media?parent=450"}],"wp:term":[{"taxonomy":"product_cat","embeddable":true,"href":"https:\/\/norcenter.cl\/index.php\/wp-json\/wp\/v2\/product_cat?post=450"},{"taxonomy":"product_tag","embeddable":true,"href":"https:\/\/norcenter.cl\/index.php\/wp-json\/wp\/v2\/product_tag?post=450"}],"curies":[{"name":"wp","href":"https:\/\/api.w.org\/{rel}","templated":true}]}}