{"id":641,"date":"2023-12-26T22:56:38","date_gmt":"2023-12-26T21:56:38","guid":{"rendered":"https:\/\/norcenter.cl\/?post_type=product&#038;p=641"},"modified":"2023-12-26T23:01:38","modified_gmt":"2023-12-26T22:01:38","slug":"guante-anticorte-cut5-trp-palma-nitrilo","status":"publish","type":"product","link":"https:\/\/norcenter.cl\/index.php\/producto\/guante-anticorte-cut5-trp-palma-nitrilo\/","title":{"rendered":"GUANTE ANTICORTE CUT5 TRP PALMA NITRILO"},"content":{"rendered":"<p>Guante mec\u00e1nico anticorte e impacto.<br \/>\nDorso respirable con protecci\u00f3n contra impactos TPR las cuales\u00a0poseen ranuras que<br \/>\nfacilitan la movilidad de los dedos.<br \/>\nPulgar cuenta con refuerzo para proteger el \u00e1rea mas vulnerable,<br \/>\nlesiones en este dedo producen una incapacidad f\u00edsica<br \/>\nGuante lavable, conserva sus propiedades mec\u00e1nicas incluso al<br \/>\nhumedecerse.<\/p>\n<p><a href=\"https:\/\/1drv.ms\/b\/s!Ahhzij-sjePAhkIBwgjwJh7gl63J?e=3sz5aR\"><strong>FICHA TECNICA<\/strong><\/a><\/p>\n","protected":false},"excerpt":{"rendered":"<p>Guante mec\u00e1nico anticorte e impacto. Dorso respirable con protecci\u00f3n contra impactos TPR las cuales\u00a0poseen ranuras que facilitan la movilidad de los dedos. Pulgar cuenta con refuerzo para proteger el \u00e1rea mas vulnerable, lesiones en este dedo producen una incapacidad f\u00edsica Guante lavable, conserva sus propiedades mec\u00e1nicas incluso al humedecerse. FICHA TECNICA<\/p>\n","protected":false},"featured_media":642,"template":"","meta":{"site-sidebar-layout":"default","site-content-layout":"","ast-site-content-layout":"default","site-content-style":"default","site-sidebar-style":"default","ast-global-header-display":"","ast-banner-title-visibility":"","ast-main-header-display":"","ast-hfb-above-header-display":"","ast-hfb-below-header-display":"","ast-hfb-mobile-header-display":"","site-post-title":"","ast-breadcrumbs-content":"","ast-featured-img":"","footer-sml-layout":"","theme-transparent-header-meta":"default","adv-header-id-meta":"","stick-header-meta":"","header-above-stick-meta":"","header-main-stick-meta":"","header-below-stick-meta":"","astra-migrate-meta-layouts":"set","ast-page-background-enabled":"default","ast-page-background-meta":{"desktop":{"background-color":"var(--ast-global-color-4)","background-image":"","background-repeat":"repeat","background-position":"center center","background-size":"auto","background-attachment":"scroll","background-type":"","background-media":"","overlay-type":"","overlay-color":"","overlay-gradient":""},"tablet":{"background-color":"","background-image":"","background-repeat":"repeat","background-position":"center center","background-size":"auto","background-attachment":"scroll","background-type":"","background-media":"","overlay-type":"","overlay-color":"","overlay-gradient":""},"mobile":{"background-color":"","background-image":"","background-repeat":"repeat","background-position":"center center","background-size":"auto","background-attachment":"scroll","background-type":"","background-media":"","overlay-type":"","overlay-color":"","overlay-gradient":""}},"ast-content-background-meta":{"desktop":{"background-color":"var(--ast-global-color-5)","background-image":"","background-repeat":"repeat","background-position":"center center","background-size":"auto","background-attachment":"scroll","background-type":"","background-media":"","overlay-type":"","overlay-color":"","overlay-gradient":""},"tablet":{"background-color":"var(--ast-global-color-5)","background-image":"","background-repeat":"repeat","background-position":"center center","background-size":"auto","background-attachment":"scroll","background-type":"","background-media":"","overlay-type":"","overlay-color":"","overlay-gradient":""},"mobile":{"background-color":"var(--ast-global-color-5)","background-image":"","background-repeat":"repeat","background-position":"center center","background-size":"auto","background-attachment":"scroll","background-type":"","background-media":"","overlay-type":"","overlay-color":"","overlay-gradient":""}}},"product_cat":[22],"product_tag":[],"class_list":{"0":"post-641","1":"product","2":"type-product","3":"status-publish","4":"has-post-thumbnail","6":"product_cat-guantes","7":"desktop-align-left","8":"tablet-align-left","9":"mobile-align-left","11":"first","12":"instock","13":"shipping-taxable","14":"product-type-simple"},"_links":{"self":[{"href":"https:\/\/norcenter.cl\/index.php\/wp-json\/wp\/v2\/product\/641","targetHints":{"allow":["GET"]}}],"collection":[{"href":"https:\/\/norcenter.cl\/index.php\/wp-json\/wp\/v2\/product"}],"about":[{"href":"https:\/\/norcenter.cl\/index.php\/wp-json\/wp\/v2\/types\/product"}],"wp:featuredmedia":[{"embeddable":true,"href":"https:\/\/norcenter.cl\/index.php\/wp-json\/wp\/v2\/media\/642"}],"wp:attachment":[{"href":"https:\/\/norcenter.cl\/index.php\/wp-json\/wp\/v2\/media?parent=641"}],"wp:term":[{"taxonomy":"product_cat","embeddable":true,"href":"https:\/\/norcenter.cl\/index.php\/wp-json\/wp\/v2\/product_cat?post=641"},{"taxonomy":"product_tag","embeddable":true,"href":"https:\/\/norcenter.cl\/index.php\/wp-json\/wp\/v2\/product_tag?post=641"}],"curies":[{"name":"wp","href":"https:\/\/api.w.org\/{rel}","templated":true}]}}