{"id":95,"date":"2023-11-27T23:16:27","date_gmt":"2023-11-27T22:16:27","guid":{"rendered":"https:\/\/norcenter.cl\/?post_type=product&#038;p=95"},"modified":"2023-11-27T23:16:28","modified_gmt":"2023-11-27T22:16:28","slug":"polera-pique-manga-corta-kumen","status":"publish","type":"product","link":"https:\/\/norcenter.cl\/index.php\/producto\/polera-pique-manga-corta-kumen\/","title":{"rendered":"Polera pique manga corta Kumen"},"content":{"rendered":"<p><b>COMPOSICI\u00d3N: 60% Algod\u00f3n 40% Poli\u00e9ster<br \/>\nGRAMAJE: 230 GSM<br \/>\nCOLOR: Azul<\/b><\/p>\n<p><b>CARACTERISTICAS:<\/b><\/p>\n<ul>\n<li><b>Polera manga corta con tratamiento anti-pilling.<\/b><\/li>\n<li><b>Excelente memoria del material despu\u00e9s de los lavados, no se altera su forma o tama\u00f1o.<\/b><\/li>\n<li><b>Polera apta para bordador y estampados.<\/b><\/li>\n<li><b>Tallas disponibles: S &#8211; XXL<\/b><\/li>\n<\/ul>\n","protected":false},"excerpt":{"rendered":"<p>COMPOSICI\u00d3N: 60% Algod\u00f3n 40% Poli\u00e9ster GRAMAJE: 230 GSM COLOR: Azul CARACTERISTICAS: Polera manga corta con tratamiento anti-pilling. Excelente memoria del material despu\u00e9s de los lavados, no se altera su forma o tama\u00f1o. Polera apta para bordador y estampados. Tallas disponibles: S &#8211; XXL<\/p>\n","protected":false},"featured_media":96,"template":"","meta":{"site-sidebar-layout":"default","site-content-layout":"","ast-site-content-layout":"","site-content-style":"default","site-sidebar-style":"default","ast-global-header-display":"","ast-banner-title-visibility":"","ast-main-header-display":"","ast-hfb-above-header-display":"","ast-hfb-below-header-display":"","ast-hfb-mobile-header-display":"","site-post-title":"","ast-breadcrumbs-content":"","ast-featured-img":"","footer-sml-layout":"","theme-transparent-header-meta":"","adv-header-id-meta":"","stick-header-meta":"","header-above-stick-meta":"","header-main-stick-meta":"","header-below-stick-meta":"","astra-migrate-meta-layouts":"","ast-page-background-enabled":"default","ast-page-background-meta":{"desktop":{"background-color":"var(--ast-global-color-4)","background-image":"","background-repeat":"repeat","background-position":"center center","background-size":"auto","background-attachment":"scroll","background-type":"","background-media":"","overlay-type":"","overlay-color":"","overlay-gradient":""},"tablet":{"background-color":"","background-image":"","background-repeat":"repeat","background-position":"center center","background-size":"auto","background-attachment":"scroll","background-type":"","background-media":"","overlay-type":"","overlay-color":"","overlay-gradient":""},"mobile":{"background-color":"","background-image":"","background-repeat":"repeat","background-position":"center center","background-size":"auto","background-attachment":"scroll","background-type":"","background-media":"","overlay-type":"","overlay-color":"","overlay-gradient":""}},"ast-content-background-meta":{"desktop":{"background-color":"var(--ast-global-color-5)","background-image":"","background-repeat":"repeat","background-position":"center center","background-size":"auto","background-attachment":"scroll","background-type":"","background-media":"","overlay-type":"","overlay-color":"","overlay-gradient":""},"tablet":{"background-color":"var(--ast-global-color-5)","background-image":"","background-repeat":"repeat","background-position":"center center","background-size":"auto","background-attachment":"scroll","background-type":"","background-media":"","overlay-type":"","overlay-color":"","overlay-gradient":""},"mobile":{"background-color":"var(--ast-global-color-5)","background-image":"","background-repeat":"repeat","background-position":"center center","background-size":"auto","background-attachment":"scroll","background-type":"","background-media":"","overlay-type":"","overlay-color":"","overlay-gradient":""}}},"product_cat":[30],"product_tag":[],"class_list":{"0":"post-95","1":"product","2":"type-product","3":"status-publish","4":"has-post-thumbnail","6":"product_cat-poleras-y-camisas","7":"desktop-align-left","8":"tablet-align-left","9":"mobile-align-left","11":"first","12":"instock","13":"shipping-taxable","14":"product-type-simple"},"_links":{"self":[{"href":"https:\/\/norcenter.cl\/index.php\/wp-json\/wp\/v2\/product\/95","targetHints":{"allow":["GET"]}}],"collection":[{"href":"https:\/\/norcenter.cl\/index.php\/wp-json\/wp\/v2\/product"}],"about":[{"href":"https:\/\/norcenter.cl\/index.php\/wp-json\/wp\/v2\/types\/product"}],"wp:featuredmedia":[{"embeddable":true,"href":"https:\/\/norcenter.cl\/index.php\/wp-json\/wp\/v2\/media\/96"}],"wp:attachment":[{"href":"https:\/\/norcenter.cl\/index.php\/wp-json\/wp\/v2\/media?parent=95"}],"wp:term":[{"taxonomy":"product_cat","embeddable":true,"href":"https:\/\/norcenter.cl\/index.php\/wp-json\/wp\/v2\/product_cat?post=95"},{"taxonomy":"product_tag","embeddable":true,"href":"https:\/\/norcenter.cl\/index.php\/wp-json\/wp\/v2\/product_tag?post=95"}],"curies":[{"name":"wp","href":"https:\/\/api.w.org\/{rel}","templated":true}]}}